{"id":41312,"date":"2026-04-24T12:59:30","date_gmt":"2026-04-24T10:59:30","guid":{"rendered":"https:\/\/livres-alie.fr\/Boutique\/?post_type=product&#038;p=41312"},"modified":"2026-04-24T13:05:05","modified_gmt":"2026-04-24T11:05:05","slug":"alchemised-edition-collector-edition-francaise","status":"publish","type":"product","link":"https:\/\/livres-alie.fr\/Boutique\/produit\/alchemised-edition-collector-edition-francaise\/","title":{"rendered":"Alchemised- \u00c9dition Collector (\u00e9dition fran\u00e7aise)"},"content":{"rendered":"\n    <div class=\"xs_social_share_widget xs_share_url after_content \t\tmain_content  wslu-style-1 wslu-share-box-shaped wslu-fill-colored wslu-none wslu-share-horizontal wslu-theme-font-no wslu-main_content\">\n\n\t\t\n        <ul>\n\t\t\t        <\/ul>\n    <\/div> \n","protected":false},"excerpt":{"rendered":"","protected":false},"featured_media":41313,"comment_status":"open","ping_status":"closed","template":"","meta":[],"product_brand":[],"product_cat":[9902],"product_tag":[172],"class_list":{"0":"post-41312","1":"product","2":"type-product","3":"status-publish","4":"has-post-thumbnail","6":"product_cat-romantasy","7":"product_tag-ap","8":"pa_tropes-amnesie","9":"pa_tropes-dark-fantasy","10":"pa_tropes-enemies-to-lovers","11":"pa_tropes-magic-malediction","12":"pa_tropes-morally-grey","13":"pa_tropes-slow-burn","15":"first","16":"onbackorder","17":"taxable","18":"shipping-taxable","19":"purchasable","20":"product-type-simple"},"_links":{"self":[{"href":"https:\/\/livres-alie.fr\/Boutique\/wp-json\/wp\/v2\/product\/41312","targetHints":{"allow":["GET"]}}],"collection":[{"href":"https:\/\/livres-alie.fr\/Boutique\/wp-json\/wp\/v2\/product"}],"about":[{"href":"https:\/\/livres-alie.fr\/Boutique\/wp-json\/wp\/v2\/types\/product"}],"replies":[{"embeddable":true,"href":"https:\/\/livres-alie.fr\/Boutique\/wp-json\/wp\/v2\/comments?post=41312"}],"wp:featuredmedia":[{"embeddable":true,"href":"https:\/\/livres-alie.fr\/Boutique\/wp-json\/wp\/v2\/media\/41313"}],"wp:attachment":[{"href":"https:\/\/livres-alie.fr\/Boutique\/wp-json\/wp\/v2\/media?parent=41312"}],"wp:term":[{"taxonomy":"product_brand","embeddable":true,"href":"https:\/\/livres-alie.fr\/Boutique\/wp-json\/wp\/v2\/product_brand?post=41312"},{"taxonomy":"product_cat","embeddable":true,"href":"https:\/\/livres-alie.fr\/Boutique\/wp-json\/wp\/v2\/product_cat?post=41312"},{"taxonomy":"product_tag","embeddable":true,"href":"https:\/\/livres-alie.fr\/Boutique\/wp-json\/wp\/v2\/product_tag?post=41312"}],"curies":[{"name":"wp","href":"https:\/\/api.w.org\/{rel}","templated":true}]}}