{"id":1547,"date":"2025-08-25T14:57:22","date_gmt":"2025-08-25T12:57:22","guid":{"rendered":"https:\/\/livres-alie.fr\/Boutique\/?post_type=product&#038;p=1547"},"modified":"2025-08-25T18:07:48","modified_gmt":"2025-08-25T16:07:48","slug":"coffret-bien-etre-agnes-cat","status":"publish","type":"product","link":"https:\/\/livres-alie.fr\/Boutique\/produit\/coffret-bien-etre-agnes-cat\/","title":{"rendered":"Coffret Bien-\u00eatre Agnes &#038; Cat"},"content":{"rendered":"<h3 data-start=\"199\" data-end=\"244\">Sets de Cadeaux Bien-\u00catre \u2013 Agnes + Cat<\/h3>\n<p data-start=\"246\" data-end=\"474\">D\u00e9couvrez les <strong data-start=\"260\" data-end=\"288\">sets cadeaux Agnes + Cat<\/strong> : une s\u00e9lection raffin\u00e9e de <strong data-start=\"365\" data-end=\"410\">produits \u00e9cologiques, durables et luxueux<\/strong>.<\/p>\n<p data-start=\"476\" data-end=\"803\">Chaque coffret est soigneusement pr\u00e9sent\u00e9 dans une <strong data-start=\"527\" data-end=\"552\">bo\u00eete cadeau \u00e9l\u00e9gante<\/strong>, d\u00e9cor\u00e9e de <strong data-start=\"565\" data-end=\"592\">motifs floraux d\u00e9licats<\/strong>. Parfaits pour toutes les occasions \u2013 <strong data-start=\"631\" data-end=\"714\">anniversaire, Saint-Valentin, f\u00eate des m\u00e8res, ou simple attention personnalis\u00e9e<\/strong> \u2013 ces ensembles associent esth\u00e9tique et bien-\u00eatre pour cr\u00e9er des cadeaux inoubliables.<\/p>\n<p data-start=\"805\" data-end=\"1201\">Fabriqu\u00e9s avec des <strong data-start=\"824\" data-end=\"882\">ingr\u00e9dients naturels et respectueux de l\u2019environnement<\/strong>, les <strong data-start=\"888\" data-end=\"921\">sets de bien-\u00eatre Agnes + Cat<\/strong> s\u00e9duisent une client\u00e8le en qu\u00eate de produits <strong data-start=\"967\" data-end=\"999\">responsables et authentiques<\/strong>. Ils constituent une valeur s\u00fbre pour les boutiques sp\u00e9cialis\u00e9es, les concept stores et les professionnels souhaitant proposer des <strong data-start=\"1131\" data-end=\"1156\">cadeaux haut de gamme<\/strong> qui allient beaut\u00e9, utilit\u00e9 et durabilit\u00e9.<\/p>\n<hr data-start=\"1203\" data-end=\"1206\" \/>\n<h3 data-start=\"1208\" data-end=\"1261\">Pourquoi Choisir les Sets Cadeaux Agnes + Cat ?<\/h3>\n<p data-start=\"1262\" data-end=\"1743\">\u2705 <strong data-start=\"1264\" data-end=\"1301\">Produits naturel &amp; artisanaux<\/strong> : con\u00e7us avec des mati\u00e8res naturelles et durables.<br data-start=\"1352\" data-end=\"1355\" \/>\u2705 <strong data-start=\"1357\" data-end=\"1378\">Packaging raffin\u00e9<\/strong> : bo\u00eetes cadeaux originales d\u00e9cor\u00e9es de motifs floraux exclusifs.<\/p>\n\n    <div class=\"xs_social_share_widget xs_share_url after_content \t\tmain_content  wslu-style-1 wslu-share-box-shaped wslu-fill-colored wslu-none wslu-share-horizontal wslu-theme-font-no wslu-main_content\">\n\n\t\t\n        <ul>\n\t\t\t        <\/ul>\n    <\/div> \n","protected":false},"excerpt":{"rendered":"<p>Sets de Cadeaux Bien-\u00catre \u2013 Agnes + Cat D\u00e9couvrez les sets cadeaux Agnes + Cat : une s\u00e9lection raffin\u00e9e de produits \u00e9cologiques, durables et luxueux. Chaque coffret est soigneusement pr\u00e9sent\u00e9 dans une bo\u00eete cadeau \u00e9l\u00e9gante, d\u00e9cor\u00e9e de motifs floraux d\u00e9licats. Parfaits pour toutes les occasions \u2013 anniversaire, Saint-Valentin, f\u00eate des m\u00e8res, ou simple attention personnalis\u00e9e [&hellip;]<\/p>\n","protected":false},"featured_media":1548,"comment_status":"open","ping_status":"closed","template":"","meta":[],"product_brand":[],"product_cat":[274,239],"product_tag":[241],"class_list":{"0":"post-1547","1":"product","2":"type-product","3":"status-publish","4":"has-post-thumbnail","6":"product_cat-coffrets-coffrets-cadeau","7":"product_cat-livresque","8":"product_tag-comp","10":"first","11":"instock","12":"taxable","13":"shipping-taxable","14":"purchasable","15":"product-type-variable","16":"has-default-attributes"},"_links":{"self":[{"href":"https:\/\/livres-alie.fr\/Boutique\/wp-json\/wp\/v2\/product\/1547","targetHints":{"allow":["GET"]}}],"collection":[{"href":"https:\/\/livres-alie.fr\/Boutique\/wp-json\/wp\/v2\/product"}],"about":[{"href":"https:\/\/livres-alie.fr\/Boutique\/wp-json\/wp\/v2\/types\/product"}],"replies":[{"embeddable":true,"href":"https:\/\/livres-alie.fr\/Boutique\/wp-json\/wp\/v2\/comments?post=1547"}],"wp:featuredmedia":[{"embeddable":true,"href":"https:\/\/livres-alie.fr\/Boutique\/wp-json\/wp\/v2\/media\/1548"}],"wp:attachment":[{"href":"https:\/\/livres-alie.fr\/Boutique\/wp-json\/wp\/v2\/media?parent=1547"}],"wp:term":[{"taxonomy":"product_brand","embeddable":true,"href":"https:\/\/livres-alie.fr\/Boutique\/wp-json\/wp\/v2\/product_brand?post=1547"},{"taxonomy":"product_cat","embeddable":true,"href":"https:\/\/livres-alie.fr\/Boutique\/wp-json\/wp\/v2\/product_cat?post=1547"},{"taxonomy":"product_tag","embeddable":true,"href":"https:\/\/livres-alie.fr\/Boutique\/wp-json\/wp\/v2\/product_tag?post=1547"}],"curies":[{"name":"wp","href":"https:\/\/api.w.org\/{rel}","templated":true}]}}