{"id":1486,"date":"2025-08-24T20:27:30","date_gmt":"2025-08-24T18:27:30","guid":{"rendered":"https:\/\/livres-alie.fr\/Boutique\/?post_type=product&#038;p=1486"},"modified":"2025-08-26T10:52:51","modified_gmt":"2025-08-26T08:52:51","slug":"marque-page-edition-limite-romance","status":"publish","type":"product","link":"https:\/\/livres-alie.fr\/Boutique\/produit\/marque-page-edition-limite-romance\/","title":{"rendered":"Marque-page \u00e9dition limit\u00e9 &#8211; Romance by Apolina"},"content":{"rendered":"\n    <div class=\"xs_social_share_widget xs_share_url after_content \t\tmain_content  wslu-style-1 wslu-share-box-shaped wslu-fill-colored wslu-none wslu-share-horizontal wslu-theme-font-no wslu-main_content\">\n\n\t\t\n        <ul>\n\t\t\t        <\/ul>\n    <\/div> \n","protected":false},"excerpt":{"rendered":"<div class=\"apolina-card\" role=\"region\" aria-label=\"Marque-page \u00e9dition limit\u00e9e \u2014 Romance by Apolina\">\n<div class=\"apolina-card__head\"><span class=\"apolina-badge\">\u00c9dition limit\u00e9e num\u00e9rot\u00e9 100 exemplaire<\/span><\/div>\n<p class=\"apolina-note\">D\u00e9couvrez vite son travail \ud83d\udc98<\/p>\n<p><img decoding=\"async\" class=\"alignnone size-medium wp-image-1581\" src=\"https:\/\/livres-alie.fr\/Boutique\/wp-content\/uploads\/2025\/08\/Screenshot-2025-08-26-at-10-48-03-2-Instagram-300x131.png\" alt=\"\" width=\"300\" height=\"131\" srcset=\"https:\/\/livres-alie.fr\/Boutique\/wp-content\/uploads\/2025\/08\/Screenshot-2025-08-26-at-10-48-03-2-Instagram-300x131.png 300w, https:\/\/livres-alie.fr\/Boutique\/wp-content\/uploads\/2025\/08\/Screenshot-2025-08-26-at-10-48-03-2-Instagram-416x182.png 416w, https:\/\/livres-alie.fr\/Boutique\/wp-content\/uploads\/2025\/08\/Screenshot-2025-08-26-at-10-48-03-2-Instagram-1024x447.png 1024w, https:\/\/livres-alie.fr\/Boutique\/wp-content\/uploads\/2025\/08\/Screenshot-2025-08-26-at-10-48-03-2-Instagram-768x335.png 768w, https:\/\/livres-alie.fr\/Boutique\/wp-content\/uploads\/2025\/08\/Screenshot-2025-08-26-at-10-48-03-2-Instagram.png 1189w\" sizes=\"(max-width: 300px) 100vw, 300px\" \/><\/p>\n<div class=\"apolina-card\" role=\"region\" aria-label=\"Marque-page \u00e9dition limit\u00e9e \u2014 Romance by Apolina\">\n<h3 class=\"apolina-title\">Suivez Apolina Tattoo sur les r\u00e9seaux<\/h3>\n<div class=\"apolina-socials\">\n<p><a href=\"https:\/\/www.instagram.com\/apolina.tattoo\/?hl=fr\" target=\"_blank\" rel=\"noopener\">Instagram<\/a><br \/>\n<span class=\"dot\" aria-hidden=\"true\">\u2022<\/span><br \/>\n<a href=\"https:\/\/www.tiktok.com\/@apolinatattoo\" target=\"_blank\" rel=\"noopener\">TikTok<\/a><\/p>\n<\/div>\n<\/div>\n<ul class=\"apolina-specs\">\n<li>Format 5\u00d717 cm<\/li>\n<li>Papier 350 g<\/li>\n<li>Recto\/verso<\/li>\n<li>Coins arrondis<\/li>\n<\/ul>\n<p class=\"apolina-note\">Illustration exclusive pour <strong>Les Livres d\u2019Alie<\/strong> \u2014 id\u00e9ale pour glisser une dose de romance dans vos lectures \ud83d\udc98<\/p>\n<\/div>\n","protected":false},"featured_media":1491,"comment_status":"open","ping_status":"closed","template":"","meta":[],"product_brand":[],"product_cat":[239,242],"product_tag":[241],"class_list":{"0":"post-1486","1":"product","2":"type-product","3":"status-publish","4":"has-post-thumbnail","6":"product_cat-livresque","7":"product_cat-marque-page","8":"product_tag-comp","10":"first","11":"instock","12":"taxable","13":"shipping-taxable","14":"purchasable","15":"product-type-simple"},"_links":{"self":[{"href":"https:\/\/livres-alie.fr\/Boutique\/wp-json\/wp\/v2\/product\/1486","targetHints":{"allow":["GET"]}}],"collection":[{"href":"https:\/\/livres-alie.fr\/Boutique\/wp-json\/wp\/v2\/product"}],"about":[{"href":"https:\/\/livres-alie.fr\/Boutique\/wp-json\/wp\/v2\/types\/product"}],"replies":[{"embeddable":true,"href":"https:\/\/livres-alie.fr\/Boutique\/wp-json\/wp\/v2\/comments?post=1486"}],"wp:featuredmedia":[{"embeddable":true,"href":"https:\/\/livres-alie.fr\/Boutique\/wp-json\/wp\/v2\/media\/1491"}],"wp:attachment":[{"href":"https:\/\/livres-alie.fr\/Boutique\/wp-json\/wp\/v2\/media?parent=1486"}],"wp:term":[{"taxonomy":"product_brand","embeddable":true,"href":"https:\/\/livres-alie.fr\/Boutique\/wp-json\/wp\/v2\/product_brand?post=1486"},{"taxonomy":"product_cat","embeddable":true,"href":"https:\/\/livres-alie.fr\/Boutique\/wp-json\/wp\/v2\/product_cat?post=1486"},{"taxonomy":"product_tag","embeddable":true,"href":"https:\/\/livres-alie.fr\/Boutique\/wp-json\/wp\/v2\/product_tag?post=1486"}],"curies":[{"name":"wp","href":"https:\/\/api.w.org\/{rel}","templated":true}]}}