{"id":1428,"date":"2025-08-24T19:40:57","date_gmt":"2025-08-24T17:40:57","guid":{"rendered":"https:\/\/livres-alie.fr\/Boutique\/?post_type=product&#038;p=1428"},"modified":"2025-08-24T19:50:16","modified_gmt":"2025-08-24T17:50:16","slug":"thes-infusions-rooibos-en-sachets-de-50g","status":"publish","type":"product","link":"https:\/\/livres-alie.fr\/Boutique\/produit\/thes-infusions-rooibos-en-sachets-de-50g\/","title":{"rendered":"Th\u00e9s, infusions &#038; Rooibos en sachets de 50g"},"content":{"rendered":"<p>S\u00e9lection de th\u00e9s, infusions et rooibos artisanaux en sachets de 50 g. Chaque saveur est pr\u00e9par\u00e9e avec des ingr\u00e9dients naturels pour un moment de plaisir.<\/p>\n\n    <div class=\"xs_social_share_widget xs_share_url after_content \t\tmain_content  wslu-style-1 wslu-share-box-shaped wslu-fill-colored wslu-none wslu-share-horizontal wslu-theme-font-no wslu-main_content\">\n\n\t\t\n        <ul>\n\t\t\t        <\/ul>\n    <\/div> \n","protected":false},"excerpt":{"rendered":"<p>Sachet 50 g \u2014 prix unitaire 7,90 \u20ac.<\/p>\n","protected":false},"featured_media":1453,"comment_status":"open","ping_status":"closed","template":"","meta":[],"product_brand":[],"product_cat":[239,247],"product_tag":[241],"class_list":{"0":"post-1428","1":"product","2":"type-product","3":"status-publish","4":"has-post-thumbnail","6":"product_cat-livresque","7":"product_cat-the-infusion","8":"product_tag-comp","10":"first","11":"instock","12":"taxable","13":"shipping-taxable","14":"purchasable","15":"product-type-variable","16":"has-default-attributes"},"_links":{"self":[{"href":"https:\/\/livres-alie.fr\/Boutique\/wp-json\/wp\/v2\/product\/1428","targetHints":{"allow":["GET"]}}],"collection":[{"href":"https:\/\/livres-alie.fr\/Boutique\/wp-json\/wp\/v2\/product"}],"about":[{"href":"https:\/\/livres-alie.fr\/Boutique\/wp-json\/wp\/v2\/types\/product"}],"replies":[{"embeddable":true,"href":"https:\/\/livres-alie.fr\/Boutique\/wp-json\/wp\/v2\/comments?post=1428"}],"wp:featuredmedia":[{"embeddable":true,"href":"https:\/\/livres-alie.fr\/Boutique\/wp-json\/wp\/v2\/media\/1453"}],"wp:attachment":[{"href":"https:\/\/livres-alie.fr\/Boutique\/wp-json\/wp\/v2\/media?parent=1428"}],"wp:term":[{"taxonomy":"product_brand","embeddable":true,"href":"https:\/\/livres-alie.fr\/Boutique\/wp-json\/wp\/v2\/product_brand?post=1428"},{"taxonomy":"product_cat","embeddable":true,"href":"https:\/\/livres-alie.fr\/Boutique\/wp-json\/wp\/v2\/product_cat?post=1428"},{"taxonomy":"product_tag","embeddable":true,"href":"https:\/\/livres-alie.fr\/Boutique\/wp-json\/wp\/v2\/product_tag?post=1428"}],"curies":[{"name":"wp","href":"https:\/\/api.w.org\/{rel}","templated":true}]}}