{"id":1352,"date":"2025-08-24T19:11:17","date_gmt":"2025-08-24T17:11:17","guid":{"rendered":"https:\/\/livres-alie.fr\/Boutique\/?post_type=product&#038;p=1352"},"modified":"2025-08-25T18:08:32","modified_gmt":"2025-08-25T16:08:32","slug":"lampe-de-lecture-rechargeable-legere-a-intensite-variable","status":"publish","type":"product","link":"https:\/\/livres-alie.fr\/Boutique\/produit\/lampe-de-lecture-rechargeable-legere-a-intensite-variable\/","title":{"rendered":"Lampe de lecture rechargeable l\u00e9g\u00e8re \u00e0 intensit\u00e9 variable"},"content":{"rendered":"\n    <div class=\"xs_social_share_widget xs_share_url after_content \t\tmain_content  wslu-style-1 wslu-share-box-shaped wslu-fill-colored wslu-none wslu-share-horizontal wslu-theme-font-no wslu-main_content\">\n\n\t\t\n        <ul>\n\t\t\t        <\/ul>\n    <\/div> \n","protected":false},"excerpt":{"rendered":"<p>10 Niveaux de luminosit\u00e9<br \/>\njusqu&rsquo;\u00e0 40h de lecture<br \/>\nIndicateur de charge<br \/>\nOrientable \u00e0 360\u00b0<\/p>\n","protected":false},"featured_media":1353,"comment_status":"open","ping_status":"closed","template":"","meta":[],"product_brand":[],"product_cat":[248,239],"product_tag":[241],"class_list":{"0":"post-1352","1":"product","2":"type-product","3":"status-publish","4":"has-post-thumbnail","6":"product_cat-lampes-de-lecture","7":"product_cat-livresque","8":"product_tag-comp","10":"first","11":"instock","12":"taxable","13":"shipping-taxable","14":"purchasable","15":"product-type-variable","16":"has-default-attributes"},"_links":{"self":[{"href":"https:\/\/livres-alie.fr\/Boutique\/wp-json\/wp\/v2\/product\/1352","targetHints":{"allow":["GET"]}}],"collection":[{"href":"https:\/\/livres-alie.fr\/Boutique\/wp-json\/wp\/v2\/product"}],"about":[{"href":"https:\/\/livres-alie.fr\/Boutique\/wp-json\/wp\/v2\/types\/product"}],"replies":[{"embeddable":true,"href":"https:\/\/livres-alie.fr\/Boutique\/wp-json\/wp\/v2\/comments?post=1352"}],"wp:featuredmedia":[{"embeddable":true,"href":"https:\/\/livres-alie.fr\/Boutique\/wp-json\/wp\/v2\/media\/1353"}],"wp:attachment":[{"href":"https:\/\/livres-alie.fr\/Boutique\/wp-json\/wp\/v2\/media?parent=1352"}],"wp:term":[{"taxonomy":"product_brand","embeddable":true,"href":"https:\/\/livres-alie.fr\/Boutique\/wp-json\/wp\/v2\/product_brand?post=1352"},{"taxonomy":"product_cat","embeddable":true,"href":"https:\/\/livres-alie.fr\/Boutique\/wp-json\/wp\/v2\/product_cat?post=1352"},{"taxonomy":"product_tag","embeddable":true,"href":"https:\/\/livres-alie.fr\/Boutique\/wp-json\/wp\/v2\/product_tag?post=1352"}],"curies":[{"name":"wp","href":"https:\/\/api.w.org\/{rel}","templated":true}]}}