{"id":1255,"date":"2025-08-23T17:42:14","date_gmt":"2025-08-23T15:42:14","guid":{"rendered":"https:\/\/livres-alie.fr\/Boutique\/?post_type=product&#038;p=1255"},"modified":"2025-08-25T18:09:04","modified_gmt":"2025-08-25T16:09:04","slug":"bougie-tendance-copie","status":"publish","type":"product","link":"https:\/\/livres-alie.fr\/Boutique\/produit\/bougie-tendance-copie\/","title":{"rendered":"Bougies en Cristal du Zodiaque avec Bracelets en Pierres Pr\u00e9cieuses"},"content":{"rendered":"<p>Chaque bougie est soigneusement pens\u00e9e pour refl\u00e9ter l&rsquo;\u00e9nergie sp\u00e9cifique de chaque signe, offrant ainsi une atmosph\u00e8re apaisante et harmonieuse.<\/p>\n<p>Dot\u00e9es de pierres pr\u00e9cieuses choisies avec soin pour renforcer les traits et l\u2019\u00e9nergie du signe correspondant, ces bougies s&rsquo;accompagnent d\u2019un bracelet assorti en pierres naturelles. Ce dernier, inclus dans l&#8217;emballage raffin\u00e9, offre aux utilisateurs un souvenir durable qui leur permet de prolonger la connexion \u00e0 leur zodiaque m\u00eame apr\u00e8s avoir consomm\u00e9 la bougie. Fabriqu\u00e9es \u00e0 base de cire de soja et \u00e9quip\u00e9es de m\u00e8ches en bois orn\u00e9es de v\u00e9ritable pyrite p\u00e9ruvienne, elles incarnent l\u2019artisanat de qualit\u00e9.<\/p>\n<p>Id\u00e9ales pour offrir lors d&rsquo;anniversaires ou pour accompagner des rituels de bien-\u00eatre, ces bougies sont \u00e9galement un cadeau unique et rempli de sens.<\/p>\n<p>Autonomie d&rsquo;utilisation : environ 22 heures<\/p>\n\n    <div class=\"xs_social_share_widget xs_share_url after_content \t\tmain_content  wslu-style-1 wslu-share-box-shaped wslu-fill-colored wslu-none wslu-share-horizontal wslu-theme-font-no wslu-main_content\">\n\n\t\t\n        <ul>\n\t\t\t        <\/ul>\n    <\/div> \n","protected":false},"excerpt":{"rendered":"<p>Chaque bougie est soigneusement pens\u00e9e pour refl\u00e9ter l&rsquo;\u00e9nergie sp\u00e9cifique de chaque signe, offrant ainsi une atmosph\u00e8re apaisante et harmonieuse. Dot\u00e9es de pierres pr\u00e9cieuses choisies avec soin pour renforcer les traits et l\u2019\u00e9nergie du signe correspondant, ces bougies s&rsquo;accompagnent d\u2019un bracelet assorti en pierres naturelles. Ce dernier, inclus dans l&#8217;emballage raffin\u00e9, offre aux utilisateurs un souvenir [&hellip;]<\/p>\n","protected":false},"featured_media":1332,"comment_status":"open","ping_status":"closed","template":"","meta":[],"product_brand":[],"product_cat":[244,239],"product_tag":[241],"class_list":{"0":"post-1255","1":"product","2":"type-product","3":"status-publish","4":"has-post-thumbnail","6":"product_cat-bougie","7":"product_cat-livresque","8":"product_tag-comp","10":"first","11":"instock","12":"taxable","13":"shipping-taxable","14":"purchasable","15":"product-type-variable","16":"has-default-attributes"},"_links":{"self":[{"href":"https:\/\/livres-alie.fr\/Boutique\/wp-json\/wp\/v2\/product\/1255","targetHints":{"allow":["GET"]}}],"collection":[{"href":"https:\/\/livres-alie.fr\/Boutique\/wp-json\/wp\/v2\/product"}],"about":[{"href":"https:\/\/livres-alie.fr\/Boutique\/wp-json\/wp\/v2\/types\/product"}],"replies":[{"embeddable":true,"href":"https:\/\/livres-alie.fr\/Boutique\/wp-json\/wp\/v2\/comments?post=1255"}],"wp:featuredmedia":[{"embeddable":true,"href":"https:\/\/livres-alie.fr\/Boutique\/wp-json\/wp\/v2\/media\/1332"}],"wp:attachment":[{"href":"https:\/\/livres-alie.fr\/Boutique\/wp-json\/wp\/v2\/media?parent=1255"}],"wp:term":[{"taxonomy":"product_brand","embeddable":true,"href":"https:\/\/livres-alie.fr\/Boutique\/wp-json\/wp\/v2\/product_brand?post=1255"},{"taxonomy":"product_cat","embeddable":true,"href":"https:\/\/livres-alie.fr\/Boutique\/wp-json\/wp\/v2\/product_cat?post=1255"},{"taxonomy":"product_tag","embeddable":true,"href":"https:\/\/livres-alie.fr\/Boutique\/wp-json\/wp\/v2\/product_tag?post=1255"}],"curies":[{"name":"wp","href":"https:\/\/api.w.org\/{rel}","templated":true}]}}