{"id":1252,"date":"2025-08-23T17:42:04","date_gmt":"2025-08-23T15:42:04","guid":{"rendered":"https:\/\/livres-alie.fr\/Boutique\/?post_type=product&#038;p=1252"},"modified":"2025-08-24T19:00:59","modified_gmt":"2025-08-24T17:00:59","slug":"bouteille-infuseur","status":"publish","type":"product","link":"https:\/\/livres-alie.fr\/Boutique\/produit\/bouteille-infuseur\/","title":{"rendered":"Bouteille Infuseur \u00e0 Th\u00e9 en Verre &#8211; Rose Dor\u00e9 &#8211; Onyx"},"content":{"rendered":"<p>Id\u00e9ale pour les passionn\u00e9s de th\u00e9, cette bouteille marie fonctionnalit\u00e9 et esth\u00e9tique, tout en offrant une ambiance apaisante et \u00e9nergisante gr\u00e2ce aux propri\u00e9t\u00e9s uniques de l&rsquo;onyx.<\/p>\n<p>Con\u00e7ue en verre borosilicate de haute qualit\u00e9, elle est \u00e0 la fois l\u00e9g\u00e8re et robuste. Son infuseur amovible en acier inoxydable facilite la pr\u00e9paration des th\u00e9s en vrac et des infusions, tout en permettant un entretien simplifi\u00e9. Le couvercle rose dor\u00e9 assure une fermeture herm\u00e9tique pour pr\u00e9venir les fuites, tandis que la housse en n\u00e9opr\u00e8ne fournie prot\u00e8ge la bouteille et garantit une prise agr\u00e9able.<\/p>\n<p>Les pierres d\u2019onyx situ\u00e9es \u00e0 la base de la bouteille ajoutent une touche \u00e9nerg\u00e9tique distinctive. R\u00e9put\u00e9e pour ses effets stabilisants et protecteurs, cette pierre favorise un sentiment de qui\u00e9tude et de force int\u00e9rieure, enrichissant chaque moment de d\u00e9gustation.<\/p>\n<p>D\u00e9tails du produit :<\/p>\n<p>&#8211; Contenance de 500 ml<br \/>\n&#8211; Mat\u00e9riaux sans BPA pour une s\u00e9curit\u00e9 optimale<br \/>\n&#8211; Infuseur amovible en acier inoxydable<br \/>\n&#8211; Housse en n\u00e9opr\u00e8ne pour une protection renforc\u00e9e<br \/>\n&#8211; Finition rose dor\u00e9 \u00e9l\u00e9gante<br \/>\n&#8211; Pierres d\u2019onyx int\u00e9gr\u00e9es pour une \u00e9nergie \u00e9quilibrante<\/p>\n<p>Pr\u00e9caution : Apr\u00e8s avoir vers\u00e9 de l\u2019eau chaude, la bouteille peut devenir tr\u00e8s chaude. Il est recommand\u00e9 d\u2019utiliser la housse pour \u00e9viter tout risque de br\u00fblure.<\/p>\n\n    <div class=\"xs_social_share_widget xs_share_url after_content \t\tmain_content  wslu-style-1 wslu-share-box-shaped wslu-fill-colored wslu-none wslu-share-horizontal wslu-theme-font-no wslu-main_content\">\n\n\t\t\n        <ul>\n\t\t\t        <\/ul>\n    <\/div> \n","protected":false},"excerpt":{"rendered":"<p>Id\u00e9ale pour les passionn\u00e9s de th\u00e9, cette bouteille marie fonctionnalit\u00e9 et esth\u00e9tique, tout en offrant une ambiance apaisante et \u00e9nergisante gr\u00e2ce aux propri\u00e9t\u00e9s uniques de l&rsquo;onyx. Con\u00e7ue en verre borosilicate de haute qualit\u00e9, elle est \u00e0 la fois l\u00e9g\u00e8re et robuste. Son infuseur amovible en acier inoxydable facilite la pr\u00e9paration des th\u00e9s en vrac et [&hellip;]<\/p>\n","protected":false},"featured_media":1335,"comment_status":"open","ping_status":"closed","template":"","meta":[],"product_brand":[],"product_cat":[239,247],"product_tag":[241],"class_list":{"0":"post-1252","1":"product","2":"type-product","3":"status-publish","4":"has-post-thumbnail","6":"product_cat-livresque","7":"product_cat-the-infusion","8":"product_tag-comp","10":"first","11":"instock","12":"taxable","13":"shipping-taxable","14":"purchasable","15":"product-type-simple"},"_links":{"self":[{"href":"https:\/\/livres-alie.fr\/Boutique\/wp-json\/wp\/v2\/product\/1252","targetHints":{"allow":["GET"]}}],"collection":[{"href":"https:\/\/livres-alie.fr\/Boutique\/wp-json\/wp\/v2\/product"}],"about":[{"href":"https:\/\/livres-alie.fr\/Boutique\/wp-json\/wp\/v2\/types\/product"}],"replies":[{"embeddable":true,"href":"https:\/\/livres-alie.fr\/Boutique\/wp-json\/wp\/v2\/comments?post=1252"}],"wp:featuredmedia":[{"embeddable":true,"href":"https:\/\/livres-alie.fr\/Boutique\/wp-json\/wp\/v2\/media\/1335"}],"wp:attachment":[{"href":"https:\/\/livres-alie.fr\/Boutique\/wp-json\/wp\/v2\/media?parent=1252"}],"wp:term":[{"taxonomy":"product_brand","embeddable":true,"href":"https:\/\/livres-alie.fr\/Boutique\/wp-json\/wp\/v2\/product_brand?post=1252"},{"taxonomy":"product_cat","embeddable":true,"href":"https:\/\/livres-alie.fr\/Boutique\/wp-json\/wp\/v2\/product_cat?post=1252"},{"taxonomy":"product_tag","embeddable":true,"href":"https:\/\/livres-alie.fr\/Boutique\/wp-json\/wp\/v2\/product_tag?post=1252"}],"curies":[{"name":"wp","href":"https:\/\/api.w.org\/{rel}","templated":true}]}}