{"id":1181,"date":"2025-08-23T15:14:54","date_gmt":"2025-08-23T13:14:54","guid":{"rendered":"https:\/\/livres-alie.fr\/Boutique\/?post_type=product&#038;p=1181"},"modified":"2025-08-23T16:51:45","modified_gmt":"2025-08-23T14:51:45","slug":"carte-cadeau-les-livres-dalie","status":"publish","type":"product","link":"https:\/\/livres-alie.fr\/Boutique\/produit\/carte-cadeau-les-livres-dalie\/","title":{"rendered":"Carte cadeau Les livres d&rsquo;Alie"},"content":{"rendered":"\n    <div class=\"xs_social_share_widget xs_share_url after_content \t\tmain_content  wslu-style-1 wslu-share-box-shaped wslu-fill-colored wslu-none wslu-share-horizontal wslu-theme-font-no wslu-main_content\">\n\n\t\t\n        <ul>\n\t\t\t        <\/ul>\n    <\/div> \n","protected":false},"excerpt":{"rendered":"<p>Vous recevrez cette jolie carte cadeau d\u00e9j\u00e0 soigneusement emball\u00e9, pr\u00eate \u00e0 offrir. Quelques goodies viendront pimenter votre cadeau \ud83d\ude42<\/p>\n","protected":false},"featured_media":1182,"comment_status":"closed","ping_status":"closed","template":"","meta":[],"product_brand":[],"product_cat":[239],"product_tag":[],"class_list":{"0":"post-1181","1":"product","2":"type-product","3":"status-publish","4":"has-post-thumbnail","6":"product_cat-livresque","8":"first","9":"instock","10":"sold-individually","11":"purchasable","12":"product-type-simple"},"_links":{"self":[{"href":"https:\/\/livres-alie.fr\/Boutique\/wp-json\/wp\/v2\/product\/1181","targetHints":{"allow":["GET"]}}],"collection":[{"href":"https:\/\/livres-alie.fr\/Boutique\/wp-json\/wp\/v2\/product"}],"about":[{"href":"https:\/\/livres-alie.fr\/Boutique\/wp-json\/wp\/v2\/types\/product"}],"replies":[{"embeddable":true,"href":"https:\/\/livres-alie.fr\/Boutique\/wp-json\/wp\/v2\/comments?post=1181"}],"wp:featuredmedia":[{"embeddable":true,"href":"https:\/\/livres-alie.fr\/Boutique\/wp-json\/wp\/v2\/media\/1182"}],"wp:attachment":[{"href":"https:\/\/livres-alie.fr\/Boutique\/wp-json\/wp\/v2\/media?parent=1181"}],"wp:term":[{"taxonomy":"product_brand","embeddable":true,"href":"https:\/\/livres-alie.fr\/Boutique\/wp-json\/wp\/v2\/product_brand?post=1181"},{"taxonomy":"product_cat","embeddable":true,"href":"https:\/\/livres-alie.fr\/Boutique\/wp-json\/wp\/v2\/product_cat?post=1181"},{"taxonomy":"product_tag","embeddable":true,"href":"https:\/\/livres-alie.fr\/Boutique\/wp-json\/wp\/v2\/product_tag?post=1181"}],"curies":[{"name":"wp","href":"https:\/\/api.w.org\/{rel}","templated":true}]}}