{"id":1510,"date":"2025-08-25T08:50:00","date_gmt":"2025-08-25T06:50:00","guid":{"rendered":"https:\/\/livres-alie.fr\/Boutique\/?page_id=1510"},"modified":"2025-08-25T08:50:51","modified_gmt":"2025-08-25T06:50:51","slug":"a-propos","status":"publish","type":"page","link":"https:\/\/livres-alie.fr\/Boutique\/a-propos\/","title":{"rendered":"A Propos"},"content":{"rendered":"\t\t<div data-elementor-type=\"wp-page\" data-elementor-id=\"1510\" class=\"elementor elementor-1510\">\n\t\t\t\t\t\t<section class=\"elementor-section elementor-top-section elementor-element elementor-element-48a0924 elementor-section-boxed elementor-section-height-default elementor-section-height-default\" data-id=\"48a0924\" data-element_type=\"section\" data-e-type=\"section\">\n\t\t\t\t\t\t<div class=\"elementor-container elementor-column-gap-default\">\n\t\t\t\t\t<div class=\"elementor-column elementor-col-100 elementor-top-column elementor-element elementor-element-65d0b1a\" data-id=\"65d0b1a\" data-element_type=\"column\" data-e-type=\"column\">\n\t\t\t<div class=\"elementor-widget-wrap elementor-element-populated\">\n\t\t\t\t\t\t<div class=\"elementor-element elementor-element-06e6e80 elementor-widget elementor-widget-text-editor\" data-id=\"06e6e80\" data-element_type=\"widget\" data-e-type=\"widget\" data-widget_type=\"text-editor.default\">\n\t\t\t\t<div class=\"elementor-widget-container\">\n\t\t\t\t\t\t\t\t\t<p data-start=\"240\" data-end=\"484\"><strong data-start=\"240\" data-end=\"276\">Bienvenue chez Les livres d\u2019Alie<\/strong>, votre librairie en ligne incontournable pour les passionn\u00e9s de <strong data-start=\"341\" data-end=\"375\">romance sous toutes ses formes<\/strong>. Nous vous invitons \u00e0 d\u00e9couvrir des univers o\u00f9 les c\u0153urs se rencontrent, entre \u00e9motions, passion et douceur.<\/p>\n<hr data-start=\"486\" data-end=\"489\">\n<h4 data-start=\"491\" data-end=\"522\">Nos univers et s\u00e9lections<\/h4>\n<ul data-start=\"524\" data-end=\"759\">\n<li data-start=\"524\" data-end=\"601\">\n<p data-start=\"526\" data-end=\"601\"><span class=\"relative -mx-px my-[-0.2rem] rounded px-px py-[0.2rem] transition-colors duration-100 ease-in-out\"><strong data-start=\"0\" data-end=\"23\" data-is-only-node=\"\">Romance authentique<\/strong> : Plongez dans une s\u00e9lection tri\u00e9e sur le volet, couvrant tous les styles \u2014 romantaisie, dark romance, enemies-to-lovers, slow burn, mafia, etc. De nouveaux titres vous sont propos\u00e9s chaque jour, afin de nourrir vos envies de lecture.<\/span> <\/p>\n<\/li>\n<li data-start=\"603\" data-end=\"680\">\n<p data-start=\"605\" data-end=\"680\"><span class=\"relative -mx-px my-[-0.2rem] rounded px-px py-[0.2rem] transition-colors duration-100 ease-in-out\"><strong data-start=\"0\" data-end=\"31\" data-is-only-node=\"\">Petits plaisirs litt\u00e9raires<\/strong> : Enrichissez vos moments de lecture avec nos accessoires soigneusement choisis : bougies parfum\u00e9es, marque\u2011pages originaux, lampes de lecture LED, tote bags styl\u00e9s et th\u00e9s ou infusions raffin\u00e9es.<\/span><\/p>\n<\/li>\n<li data-start=\"682\" data-end=\"759\">\n<p data-start=\"684\" data-end=\"759\"><span class=\"relative -mx-px my-[-0.2rem] rounded px-px py-[0.2rem] transition-colors duration-100 ease-in-out\"><strong data-start=\"0\" data-end=\"18\" data-is-only-node=\"\">Box \u00e0 composer<\/strong> : Craquez pour notre <strong data-start=\"40\" data-end=\"58\">Box \u00e0 composer<\/strong>, une exp\u00e9rience sur-mesure avec 2 ou 3 livres de votre choix, accompagn\u00e9s de goodies exclusifs (bougie, mug collector, marque-page\u2026). Une attention parfaite \u00e0 offrir ou \u00e0 vous offrir<\/span><\/p>\n<\/li>\n<\/ul>\n<hr data-start=\"761\" data-end=\"764\">\n<h4 data-start=\"766\" data-end=\"798\">Exp\u00e9rience client enrichie<\/h4>\n<ul data-start=\"800\" data-end=\"960\">\n<li data-start=\"800\" data-end=\"877\">\n<p data-start=\"802\" data-end=\"877\"><span class=\"relative -mx-px my-[-0.2rem] rounded px-px py-[0.2rem] transition-colors duration-100 ease-in-out\"><strong data-start=\"0\" data-end=\"23\" data-is-only-node=\"\">Roulette de lecture<\/strong> : Pour varier les plaisirs, laissez-vous surprendre avec notre \u201croulette de lecture\u201d \u2014 trois livres au hasard pour d\u00e9couvrir de nouvelles voix litt\u00e9raires.<\/span><\/p>\n<\/li>\n<li data-start=\"879\" data-end=\"960\">\n<p data-start=\"881\" data-end=\"960\"><span class=\"relative -mx-px my-[-0.2rem] rounded px-px py-[0.2rem] transition-colors duration-100 ease-in-out\"><strong data-start=\"0\" data-end=\"24\" data-is-only-node=\"\">S\u00e9lection par humeur<\/strong> : \u00c0 la recherche d\u2019une lecture selon votre \u00e9motion du moment ? Choisissez entre R\u00e9confort, \u00c9vasion, Frisson, Rire, \u00c9motion ou \u00c9pique pour affiner vos envies.<\/span> <\/p>\n<\/li>\n<\/ul>\n<hr data-start=\"962\" data-end=\"965\">\n<h4 data-start=\"967\" data-end=\"998\">Nouveaut\u00e9s &amp; pr\u00e9commandes<\/h4>\n<ul data-start=\"1000\" data-end=\"1081\">\n<li data-start=\"1000\" data-end=\"1081\">\n<p data-start=\"1002\" data-end=\"1081\"><span class=\"relative -mx-px my-[-0.2rem] rounded px-px py-[0.2rem] transition-colors duration-100 ease-in-out\">Restez \u00e0 jour avec <strong data-start=\"19\" data-end=\"37\">nos nouveaut\u00e9s<\/strong>, nos meilleures ventes et titres en <strong data-start=\"74\" data-end=\"89\">pr\u00e9commande<\/strong>, disponibles directement sur la page d\u2019accueil.<\/span><\/p>\n<\/li>\n<\/ul>\n<hr data-start=\"1083\" data-end=\"1086\">\n<h4 data-start=\"1088\" data-end=\"1114\">Communaut\u00e9 &amp; r\u00e9seaux<\/h4>\n<ul data-start=\"1116\" data-end=\"1197\">\n<li data-start=\"1116\" data-end=\"1197\">\n<p data-start=\"1118\" data-end=\"1197\"><span class=\"relative -mx-px my-[-0.2rem] rounded px-px py-[0.2rem] transition-colors duration-100 ease-in-out\">Restez connect\u00e9\u00b7e\u00b7s ! Suivez-nous sur <strong data-start=\"38\" data-end=\"51\">Instagram<\/strong> et <strong data-start=\"55\" data-end=\"65\">TikTok<\/strong> @les_livres_d_alie pour des extraits, coulisses, promos, challenges litt\u00e9raires et coups de c\u0153ur en vid\u00e9o.<\/span><\/p>\n<\/li>\n<\/ul>\n<hr data-start=\"1199\" data-end=\"1202\">\n<p data-start=\"1204\" data-end=\"1455\"><strong data-start=\"1204\" data-end=\"1222\">Notre promesse<\/strong> : offrir une librairie en ligne unique, sp\u00e9cialis\u00e9e en romance, alliant s\u00e9lection qualitative, exp\u00e9riences personnalis\u00e9es, accessoires pour sublimer vos lectures et une communaut\u00e9 bienveillante pour partager vos \u00e9motions livresques.<\/p>\t\t\t\t\t\t\t\t<\/div>\n\t\t\t\t<\/div>\n\t\t\t\t\t<\/div>\n\t\t<\/div>\n\t\t\t\t\t<\/div>\n\t\t<\/section>\n\t\t\t\t<\/div>\n\t\t\n    <div class=\"xs_social_share_widget xs_share_url after_content \t\tmain_content  wslu-style-1 wslu-share-box-shaped wslu-fill-colored wslu-none wslu-share-horizontal wslu-theme-font-no wslu-main_content\">\n\n\t\t\n        <ul>\n\t\t\t        <\/ul>\n    <\/div> \n","protected":false},"excerpt":{"rendered":"<p>Bienvenue chez Les livres d\u2019Alie, votre librairie en ligne incontournable pour les passionn\u00e9s de romance sous toutes ses formes. Nous vous invitons \u00e0 d\u00e9couvrir des univers o\u00f9 les c\u0153urs se rencontrent, entre \u00e9motions, passion et douceur. Nos univers et s\u00e9lections Romance authentique : Plongez dans une s\u00e9lection tri\u00e9e sur le volet, couvrant tous les styles [&hellip;]<\/p>\n","protected":false},"author":1,"featured_media":0,"parent":0,"menu_order":0,"comment_status":"closed","ping_status":"closed","template":"","meta":{"footnotes":""},"class_list":["post-1510","page","type-page","status-publish","hentry"],"_links":{"self":[{"href":"https:\/\/livres-alie.fr\/Boutique\/wp-json\/wp\/v2\/pages\/1510","targetHints":{"allow":["GET"]}}],"collection":[{"href":"https:\/\/livres-alie.fr\/Boutique\/wp-json\/wp\/v2\/pages"}],"about":[{"href":"https:\/\/livres-alie.fr\/Boutique\/wp-json\/wp\/v2\/types\/page"}],"author":[{"embeddable":true,"href":"https:\/\/livres-alie.fr\/Boutique\/wp-json\/wp\/v2\/users\/1"}],"replies":[{"embeddable":true,"href":"https:\/\/livres-alie.fr\/Boutique\/wp-json\/wp\/v2\/comments?post=1510"}],"version-history":[{"count":4,"href":"https:\/\/livres-alie.fr\/Boutique\/wp-json\/wp\/v2\/pages\/1510\/revisions"}],"predecessor-version":[{"id":1514,"href":"https:\/\/livres-alie.fr\/Boutique\/wp-json\/wp\/v2\/pages\/1510\/revisions\/1514"}],"wp:attachment":[{"href":"https:\/\/livres-alie.fr\/Boutique\/wp-json\/wp\/v2\/media?parent=1510"}],"curies":[{"name":"wp","href":"https:\/\/api.w.org\/{rel}","templated":true}]}}